{"id":4,"date":"2015-09-18T16:58:35","date_gmt":"2015-09-18T14:58:35","guid":{"rendered":"http:\/\/equestrianbygs.se\/sadlar\/"},"modified":"2025-04-12T22:12:14","modified_gmt":"2025-04-12T20:12:14","slug":"sadlar","status":"publish","type":"page","link":"https:\/\/equestrianbygs.se\/sadelutprovare\/sadlar\/","title":{"rendered":"Sadlar"},"content":{"rendered":"<p>&nbsp;<\/p>\n<p>&nbsp;<\/p>\n","protected":false},"excerpt":{"rendered":"&nbsp; &nbsp;","protected":false},"author":1,"featured_media":112,"parent":0,"menu_order":3,"comment_status":"closed","ping_status":"closed","template":"","meta":{"_monsterinsights_skip_tracking":false,"_monsterinsights_sitenote_active":false,"_monsterinsights_sitenote_note":"","_monsterinsights_sitenote_category":0,"footnotes":""},"class_list":["post-4","page","type-page","status-publish","has-post-thumbnail","hentry"],"yoast_head":"<!-- This site is optimized with the Yoast SEO plugin v24.8.1 - https:\/\/yoast.com\/wordpress\/plugins\/seo\/ -->\n<title>Sadlar - Equestrian by GS - Sadelutprovare<\/title>\n<meta name=\"description\" content=\"\u00c5terf\u00f6rs\u00e4ljare av nya och begagnade sadlar av olika modeller och m\u00e4rken. Vi har n\u00e5got f\u00f6r alla!\" \/>\n<meta name=\"robots\" content=\"index, follow, max-snippet:-1, max-image-preview:large, max-video-preview:-1\" \/>\n<link rel=\"canonical\" href=\"https:\/\/equestrianbygs.se\/sadelutprovare\/sadlar\/\" \/>\n<meta property=\"og:locale\" content=\"sv_SE\" \/>\n<meta property=\"og:type\" content=\"article\" \/>\n<meta property=\"og:title\" content=\"Sadlar - Equestrian by GS - Sadelutprovare\" \/>\n<meta property=\"og:description\" content=\"\u00c5terf\u00f6rs\u00e4ljare av nya och begagnade sadlar av olika modeller och m\u00e4rken. Vi har n\u00e5got f\u00f6r alla!\" \/>\n<meta property=\"og:url\" content=\"https:\/\/equestrianbygs.se\/sadelutprovare\/sadlar\/\" \/>\n<meta property=\"og:site_name\" content=\"Equestrian Style by GS\" \/>\n<meta property=\"article:publisher\" content=\"https:\/\/www.facebook.com\/equestrianstylebygs\/\" \/>\n<meta property=\"article:modified_time\" content=\"2025-04-12T20:12:14+00:00\" \/>\n<meta property=\"og:image\" content=\"https:\/\/equestrianbygs.se\/wp-content\/uploads\/2015\/09\/eventing-mono1-e1570561345319.jpg\" \/>\n\t<meta property=\"og:image:width\" content=\"200\" \/>\n\t<meta property=\"og:image:height\" content=\"187\" \/>\n\t<meta property=\"og:image:type\" content=\"image\/jpeg\" \/>\n<meta name=\"twitter:card\" content=\"summary_large_image\" \/>\n<meta name=\"twitter:label1\" content=\"Ber\u00e4knad l\u00e4stid\" \/>\n\t<meta name=\"twitter:data1\" content=\"1 minut\" \/>\n<script type=\"application\/ld+json\" class=\"yoast-schema-graph\">{\"@context\":\"https:\/\/schema.org\",\"@graph\":[{\"@type\":\"WebPage\",\"@id\":\"https:\/\/equestrianbygs.se\/sadelutprovare\/sadlar\/\",\"url\":\"https:\/\/equestrianbygs.se\/sadelutprovare\/sadlar\/\",\"name\":\"Sadlar - Equestrian by GS - Sadelutprovare\",\"isPartOf\":{\"@id\":\"https:\/\/equestrianbygs.se\/sadelutprovare\/#website\"},\"primaryImageOfPage\":{\"@id\":\"https:\/\/equestrianbygs.se\/sadelutprovare\/sadlar\/#primaryimage\"},\"image\":{\"@id\":\"https:\/\/equestrianbygs.se\/sadelutprovare\/sadlar\/#primaryimage\"},\"thumbnailUrl\":\"https:\/\/equestrianbygs.se\/wp-content\/uploads\/2015\/09\/eventing-mono1-e1570561345319.jpg\",\"datePublished\":\"2015-09-18T14:58:35+00:00\",\"dateModified\":\"2025-04-12T20:12:14+00:00\",\"description\":\"\u00c5terf\u00f6rs\u00e4ljare av nya och begagnade sadlar av olika modeller och m\u00e4rken. Vi har n\u00e5got f\u00f6r alla!\",\"breadcrumb\":{\"@id\":\"https:\/\/equestrianbygs.se\/sadelutprovare\/sadlar\/#breadcrumb\"},\"inLanguage\":\"sv-SE\",\"potentialAction\":[{\"@type\":\"ReadAction\",\"target\":[\"https:\/\/equestrianbygs.se\/sadelutprovare\/sadlar\/\"]}]},{\"@type\":\"ImageObject\",\"inLanguage\":\"sv-SE\",\"@id\":\"https:\/\/equestrianbygs.se\/sadelutprovare\/sadlar\/#primaryimage\",\"url\":\"https:\/\/equestrianbygs.se\/wp-content\/uploads\/2015\/09\/eventing-mono1-e1570561345319.jpg\",\"contentUrl\":\"https:\/\/equestrianbygs.se\/wp-content\/uploads\/2015\/09\/eventing-mono1-e1570561345319.jpg\",\"width\":200,\"height\":187,\"caption\":\"Sadel Eventing -Mono\"},{\"@type\":\"BreadcrumbList\",\"@id\":\"https:\/\/equestrianbygs.se\/sadelutprovare\/sadlar\/#breadcrumb\",\"itemListElement\":[{\"@type\":\"ListItem\",\"position\":1,\"name\":\"Hem\",\"item\":\"https:\/\/equestrianbygs.se\/sadelutprovare\/\"},{\"@type\":\"ListItem\",\"position\":2,\"name\":\"Sadlar\"}]},{\"@type\":\"WebSite\",\"@id\":\"https:\/\/equestrianbygs.se\/sadelutprovare\/#website\",\"url\":\"https:\/\/equestrianbygs.se\/sadelutprovare\/\",\"name\":\"Equestrian Style by GS\",\"description\":\"Sadelutprovare\",\"potentialAction\":[{\"@type\":\"SearchAction\",\"target\":{\"@type\":\"EntryPoint\",\"urlTemplate\":\"https:\/\/equestrianbygs.se\/sadelutprovare\/?s={search_term_string}\"},\"query-input\":{\"@type\":\"PropertyValueSpecification\",\"valueRequired\":true,\"valueName\":\"search_term_string\"}}],\"inLanguage\":\"sv-SE\"}]}<\/script>\n<!-- \/ Yoast SEO plugin. -->","yoast_head_json":{"title":"Sadlar - Equestrian by GS - Sadelutprovare","description":"\u00c5terf\u00f6rs\u00e4ljare av nya och begagnade sadlar av olika modeller och m\u00e4rken. Vi har n\u00e5got f\u00f6r alla!","robots":{"index":"index","follow":"follow","max-snippet":"max-snippet:-1","max-image-preview":"max-image-preview:large","max-video-preview":"max-video-preview:-1"},"canonical":"https:\/\/equestrianbygs.se\/sadelutprovare\/sadlar\/","og_locale":"sv_SE","og_type":"article","og_title":"Sadlar - Equestrian by GS - Sadelutprovare","og_description":"\u00c5terf\u00f6rs\u00e4ljare av nya och begagnade sadlar av olika modeller och m\u00e4rken. Vi har n\u00e5got f\u00f6r alla!","og_url":"https:\/\/equestrianbygs.se\/sadelutprovare\/sadlar\/","og_site_name":"Equestrian Style by GS","article_publisher":"https:\/\/www.facebook.com\/equestrianstylebygs\/","article_modified_time":"2025-04-12T20:12:14+00:00","og_image":[{"width":200,"height":187,"url":"https:\/\/equestrianbygs.se\/wp-content\/uploads\/2015\/09\/eventing-mono1-e1570561345319.jpg","type":"image\/jpeg"}],"twitter_card":"summary_large_image","twitter_misc":{"Ber\u00e4knad l\u00e4stid":"1 minut"},"schema":{"@context":"https:\/\/schema.org","@graph":[{"@type":"WebPage","@id":"https:\/\/equestrianbygs.se\/sadelutprovare\/sadlar\/","url":"https:\/\/equestrianbygs.se\/sadelutprovare\/sadlar\/","name":"Sadlar - Equestrian by GS - Sadelutprovare","isPartOf":{"@id":"https:\/\/equestrianbygs.se\/sadelutprovare\/#website"},"primaryImageOfPage":{"@id":"https:\/\/equestrianbygs.se\/sadelutprovare\/sadlar\/#primaryimage"},"image":{"@id":"https:\/\/equestrianbygs.se\/sadelutprovare\/sadlar\/#primaryimage"},"thumbnailUrl":"https:\/\/equestrianbygs.se\/wp-content\/uploads\/2015\/09\/eventing-mono1-e1570561345319.jpg","datePublished":"2015-09-18T14:58:35+00:00","dateModified":"2025-04-12T20:12:14+00:00","description":"\u00c5terf\u00f6rs\u00e4ljare av nya och begagnade sadlar av olika modeller och m\u00e4rken. Vi har n\u00e5got f\u00f6r alla!","breadcrumb":{"@id":"https:\/\/equestrianbygs.se\/sadelutprovare\/sadlar\/#breadcrumb"},"inLanguage":"sv-SE","potentialAction":[{"@type":"ReadAction","target":["https:\/\/equestrianbygs.se\/sadelutprovare\/sadlar\/"]}]},{"@type":"ImageObject","inLanguage":"sv-SE","@id":"https:\/\/equestrianbygs.se\/sadelutprovare\/sadlar\/#primaryimage","url":"https:\/\/equestrianbygs.se\/wp-content\/uploads\/2015\/09\/eventing-mono1-e1570561345319.jpg","contentUrl":"https:\/\/equestrianbygs.se\/wp-content\/uploads\/2015\/09\/eventing-mono1-e1570561345319.jpg","width":200,"height":187,"caption":"Sadel Eventing -Mono"},{"@type":"BreadcrumbList","@id":"https:\/\/equestrianbygs.se\/sadelutprovare\/sadlar\/#breadcrumb","itemListElement":[{"@type":"ListItem","position":1,"name":"Hem","item":"https:\/\/equestrianbygs.se\/sadelutprovare\/"},{"@type":"ListItem","position":2,"name":"Sadlar"}]},{"@type":"WebSite","@id":"https:\/\/equestrianbygs.se\/sadelutprovare\/#website","url":"https:\/\/equestrianbygs.se\/sadelutprovare\/","name":"Equestrian Style by GS","description":"Sadelutprovare","potentialAction":[{"@type":"SearchAction","target":{"@type":"EntryPoint","urlTemplate":"https:\/\/equestrianbygs.se\/sadelutprovare\/?s={search_term_string}"},"query-input":{"@type":"PropertyValueSpecification","valueRequired":true,"valueName":"search_term_string"}}],"inLanguage":"sv-SE"}]}},"_links":{"self":[{"href":"https:\/\/equestrianbygs.se\/sadelutprovare\/wp-json\/wp\/v2\/pages\/4","targetHints":{"allow":["GET"]}}],"collection":[{"href":"https:\/\/equestrianbygs.se\/sadelutprovare\/wp-json\/wp\/v2\/pages"}],"about":[{"href":"https:\/\/equestrianbygs.se\/sadelutprovare\/wp-json\/wp\/v2\/types\/page"}],"author":[{"embeddable":true,"href":"https:\/\/equestrianbygs.se\/sadelutprovare\/wp-json\/wp\/v2\/users\/1"}],"replies":[{"embeddable":true,"href":"https:\/\/equestrianbygs.se\/sadelutprovare\/wp-json\/wp\/v2\/comments?post=4"}],"version-history":[{"count":51,"href":"https:\/\/equestrianbygs.se\/sadelutprovare\/wp-json\/wp\/v2\/pages\/4\/revisions"}],"predecessor-version":[{"id":246,"href":"https:\/\/equestrianbygs.se\/sadelutprovare\/wp-json\/wp\/v2\/pages\/4\/revisions\/246"}],"wp:featuredmedia":[{"embeddable":true,"href":"https:\/\/equestrianbygs.se\/sadelutprovare\/wp-json\/wp\/v2\/media\/112"}],"wp:attachment":[{"href":"https:\/\/equestrianbygs.se\/sadelutprovare\/wp-json\/wp\/v2\/media?parent=4"}],"curies":[{"name":"wp","href":"https:\/\/api.w.org\/{rel}","templated":true}]}}